{"id":13,"date":"2023-09-11T11:54:43","date_gmt":"2023-09-11T11:54:43","guid":{"rendered":"https:\/\/morgenmusik.moeller-andresen.dk\/?page_id=13"},"modified":"2025-02-07T11:12:34","modified_gmt":"2025-02-07T11:12:34","slug":"herligt-hornorkester","status":"publish","type":"page","link":"https:\/\/morgenmusik.moeller-andresen.dk\/","title":{"rendered":"HERLIGT HORNORKESTER"},"content":{"rendered":"<div class=\"wp-block-image\">\n<figure class=\"aligncenter size-full\"><img decoding=\"async\" loading=\"lazy\" width=\"450\" height=\"420\" src=\"https:\/\/morgenmusik.moeller-andresen.dk\/wp-content\/uploads\/2025\/02\/andresen-1-e1738922507140.png\" alt=\"\" class=\"wp-image-46\"\/><\/figure><\/div>\n\n\n<p><\/p>\n\n\n\n<p>Morgenfrisk hornorkester giver jeres dag en festlig start, morgenmusik med tradition og gl\u00e6de \u2013 og altid med et twist af humor.<\/p>\n\n\n\n<p>Den glade trio best\u00e5r af Laura p\u00e5 kornet, Anders p\u00e5 althorn og Pelle p\u00e5 tuba.<\/p>\n\n\n\n<p>Det er pr\u00e6cis de tre instrumenter, som skal til for at give jeres morgenfejring den velkendte, bl\u00f8de messingmusik og stemning, som s\u00e6tter standarden for resten af en festlig bryllupsdag.<\/p>\n","protected":false},"excerpt":{"rendered":"<p>Morgenfrisk hornorkester giver jeres dag en festlig start, morgenmusik med tradition og gl\u00e6de \u2013 og altid med et twist af humor. Den glade trio best\u00e5r af Laura p\u00e5 kornet, Anders p\u00e5 althorn og Pelle p\u00e5 tuba. Det er pr\u00e6cis de tre instrumenter, som skal til for at give jeres morgenfejring den velkendte, bl\u00f8de messingmusik og [&hellip;]<\/p>\n","protected":false},"author":1,"featured_media":0,"parent":0,"menu_order":0,"comment_status":"closed","ping_status":"closed","template":"","meta":{"footnotes":""},"_links":{"self":[{"href":"https:\/\/morgenmusik.moeller-andresen.dk\/index.php?rest_route=\/wp\/v2\/pages\/13"}],"collection":[{"href":"https:\/\/morgenmusik.moeller-andresen.dk\/index.php?rest_route=\/wp\/v2\/pages"}],"about":[{"href":"https:\/\/morgenmusik.moeller-andresen.dk\/index.php?rest_route=\/wp\/v2\/types\/page"}],"author":[{"embeddable":true,"href":"https:\/\/morgenmusik.moeller-andresen.dk\/index.php?rest_route=\/wp\/v2\/users\/1"}],"replies":[{"embeddable":true,"href":"https:\/\/morgenmusik.moeller-andresen.dk\/index.php?rest_route=%2Fwp%2Fv2%2Fcomments&post=13"}],"version-history":[{"count":6,"href":"https:\/\/morgenmusik.moeller-andresen.dk\/index.php?rest_route=\/wp\/v2\/pages\/13\/revisions"}],"predecessor-version":[{"id":51,"href":"https:\/\/morgenmusik.moeller-andresen.dk\/index.php?rest_route=\/wp\/v2\/pages\/13\/revisions\/51"}],"wp:attachment":[{"href":"https:\/\/morgenmusik.moeller-andresen.dk\/index.php?rest_route=%2Fwp%2Fv2%2Fmedia&parent=13"}],"curies":[{"name":"wp","href":"https:\/\/api.w.org\/{rel}","templated":true}]}}